{"id":3253,"date":"2025-03-26T16:55:03","date_gmt":"2025-03-26T15:55:03","guid":{"rendered":"https:\/\/domaine-du-margalleau.fr\/?post_type=product&#038;p=3253"},"modified":"2025-03-26T16:56:14","modified_gmt":"2025-03-26T15:56:14","slug":"cuvee-genesisdemi-sec-2019-copie","status":"publish","type":"product","link":"https:\/\/domaine-du-margalleau.fr\/en\/produit\/cuvee-genesisdemi-sec-2019-copie\/","title":{"rendered":"Cuv\u00e9e G\u00e9n\u00e9sis<br>Sweet 2018"},"content":{"rendered":"<p class=\"p1\">This cuv\u00e9e is the essence of our profession as winemakers. It&#8217;s the result of rigorous selection of our best terroirs.<\/p>\n<p class=\"p1\">This exceptional Chenin from our best exposed plots is aged in our tuffeau cellars to give you a mature wine.<\/p>\n<p class=\"p1\">Fermentation takes place exclusively in stoneware jars and oak barrels. After 6 to 8 months&#8217; ageing, the jars provide roundness and volume, while the barrels add structure and tannins. The blend of these two vinifications gave birth to G\u00e9n\u00e9sis.<\/p>\n<p class=\"p1\">This gourmet cuv\u00e9e has a fine balance between roundness and tannins, with a vanilla finish for gourmet pleasure.<\/p>\n","protected":false},"excerpt":{"rendered":"<p>This cuv\u00e9e is the essence of our profession as winemakers. It&#8217;s the result of rigorous selection of our best terroirs. This exceptional Chenin from our best exposed plots is aged in our tuffeau cellars to give you a mature wine. Fermentation takes place exclusively in stoneware jars and oak barrels. After 6 to 8 months&#8217; [&hellip;]<\/p>\n","protected":false},"featured_media":2950,"comment_status":"closed","ping_status":"closed","template":"","meta":{"inline_featured_image":false,"site-sidebar-layout":"default","site-content-layout":"","ast-site-content-layout":"default","site-content-style":"default","site-sidebar-style":"default","ast-global-header-display":"","ast-banner-title-visibility":"","ast-main-header-display":"","ast-hfb-above-header-display":"","ast-hfb-below-header-display":"","ast-hfb-mobile-header-display":"","site-post-title":"","ast-breadcrumbs-content":"","ast-featured-img":"","footer-sml-layout":"","ast-disable-related-posts":"","theme-transparent-header-meta":"default","adv-header-id-meta":"","stick-header-meta":"","header-above-stick-meta":"","header-main-stick-meta":"","header-below-stick-meta":"","astra-migrate-meta-layouts":"set","ast-page-background-enabled":"default","ast-page-background-meta":{"desktop":{"background-color":"","background-image":"","background-repeat":"repeat","background-position":"center center","background-size":"auto","background-attachment":"scroll","background-type":"","background-media":"","overlay-type":"","overlay-color":"","overlay-opacity":"","overlay-gradient":""},"tablet":{"background-color":"","background-image":"","background-repeat":"repeat","background-position":"center center","background-size":"auto","background-attachment":"scroll","background-type":"","background-media":"","overlay-type":"","overlay-color":"","overlay-opacity":"","overlay-gradient":""},"mobile":{"background-color":"","background-image":"","background-repeat":"repeat","background-position":"center center","background-size":"auto","background-attachment":"scroll","background-type":"","background-media":"","overlay-type":"","overlay-color":"","overlay-opacity":"","overlay-gradient":""}},"ast-content-background-meta":{"desktop":{"background-color":"var(--ast-global-color-5)","background-image":"","background-repeat":"repeat","background-position":"center center","background-size":"auto","background-attachment":"scroll","background-type":"","background-media":"","overlay-type":"","overlay-color":"","overlay-opacity":"","overlay-gradient":""},"tablet":{"background-color":"var(--ast-global-color-5)","background-image":"","background-repeat":"repeat","background-position":"center center","background-size":"auto","background-attachment":"scroll","background-type":"","background-media":"","overlay-type":"","overlay-color":"","overlay-opacity":"","overlay-gradient":""},"mobile":{"background-color":"var(--ast-global-color-5)","background-image":"","background-repeat":"repeat","background-position":"center center","background-size":"auto","background-attachment":"scroll","background-type":"","background-media":"","overlay-type":"","overlay-color":"","overlay-opacity":"","overlay-gradient":""}}},"product_brand":[],"product_cat":[64],"product_tag":[],"class_list":{"0":"post-3253","1":"product","2":"type-product","3":"status-publish","4":"has-post-thumbnail","6":"product_cat-cuvee-genesis-en","7":"desktop-align-left","8":"tablet-align-left","9":"mobile-align-left","11":"first","12":"instock","13":"shipping-taxable","14":"purchasable","15":"product-type-simple"},"acf":[],"yoast_head":"<!-- This site is optimized with the Yoast SEO plugin v27.3 - https:\/\/yoast.com\/product\/yoast-seo-wordpress\/ -->\n<title>Cuv\u00e9e G\u00e9n\u00e9sisSweet 2018 - Domaine du Margalleau<\/title>\n<meta name=\"description\" content=\"This G\u00e9n\u00e9sis cuv\u00e9e is the essence of our winegrowing profession. Fermentation takes place exclusively in stoneware jars and oak barrels.\" \/>\n<meta name=\"robots\" content=\"index, follow, max-snippet:-1, max-image-preview:large, max-video-preview:-1\" \/>\n<link rel=\"canonical\" href=\"https:\/\/domaine-du-margalleau.fr\/en\/produit\/cuvee-genesisdemi-sec-2019-copie\/\" \/>\n<meta property=\"og:locale\" content=\"en_US\" \/>\n<meta property=\"og:type\" content=\"article\" \/>\n<meta property=\"og:title\" content=\"Cuv\u00e9e G\u00e9n\u00e9sisSweet 2018 - Domaine du Margalleau\" \/>\n<meta property=\"og:description\" content=\"This G\u00e9n\u00e9sis cuv\u00e9e is the essence of our winegrowing profession. Fermentation takes place exclusively in stoneware jars and oak barrels.\" \/>\n<meta property=\"og:url\" content=\"https:\/\/domaine-du-margalleau.fr\/en\/produit\/cuvee-genesisdemi-sec-2019-copie\/\" \/>\n<meta property=\"og:site_name\" content=\"Domaine du Margalleau\" \/>\n<meta property=\"article:publisher\" content=\"https:\/\/www.facebook.com\/Domaine.du.Margalleau.Pieaux.viticulteurs\" \/>\n<meta property=\"article:modified_time\" content=\"2025-03-26T15:56:14+00:00\" \/>\n<meta property=\"og:image\" content=\"https:\/\/domaine-du-margalleau.fr\/wp-content\/uploads\/2022\/02\/Bouteille-genesis.png\" \/>\n\t<meta property=\"og:image:width\" content=\"876\" \/>\n\t<meta property=\"og:image:height\" content=\"1788\" \/>\n\t<meta property=\"og:image:type\" content=\"image\/png\" \/>\n<meta name=\"twitter:card\" content=\"summary_large_image\" \/>\n<script type=\"application\/ld+json\" class=\"yoast-schema-graph\">{\"@context\":\"https:\\\/\\\/schema.org\",\"@graph\":[{\"@type\":\"WebPage\",\"@id\":\"https:\\\/\\\/domaine-du-margalleau.fr\\\/en\\\/produit\\\/cuvee-genesisdemi-sec-2019-copie\\\/\",\"url\":\"https:\\\/\\\/domaine-du-margalleau.fr\\\/en\\\/produit\\\/cuvee-genesisdemi-sec-2019-copie\\\/\",\"name\":\"Cuv\u00e9e G\u00e9n\u00e9sis Sweet 2018 - Domaine du Margalleau\",\"isPartOf\":{\"@id\":\"https:\\\/\\\/domaine-du-margalleau.fr\\\/en\\\/#website\"},\"primaryImageOfPage\":{\"@id\":\"https:\\\/\\\/domaine-du-margalleau.fr\\\/en\\\/produit\\\/cuvee-genesisdemi-sec-2019-copie\\\/#primaryimage\"},\"image\":{\"@id\":\"https:\\\/\\\/domaine-du-margalleau.fr\\\/en\\\/produit\\\/cuvee-genesisdemi-sec-2019-copie\\\/#primaryimage\"},\"thumbnailUrl\":\"https:\\\/\\\/domaine-du-margalleau.fr\\\/wp-content\\\/uploads\\\/2022\\\/02\\\/Bouteille-genesis.png\",\"datePublished\":\"2025-03-26T15:55:03+00:00\",\"dateModified\":\"2025-03-26T15:56:14+00:00\",\"description\":\"This G\u00e9n\u00e9sis cuv\u00e9e is the essence of our winegrowing profession. Fermentation takes place exclusively in stoneware jars and oak barrels.\",\"breadcrumb\":{\"@id\":\"https:\\\/\\\/domaine-du-margalleau.fr\\\/en\\\/produit\\\/cuvee-genesisdemi-sec-2019-copie\\\/#breadcrumb\"},\"inLanguage\":\"en-US\",\"potentialAction\":[{\"@type\":\"ReadAction\",\"target\":[\"https:\\\/\\\/domaine-du-margalleau.fr\\\/en\\\/produit\\\/cuvee-genesisdemi-sec-2019-copie\\\/\"]}]},{\"@type\":\"ImageObject\",\"inLanguage\":\"en-US\",\"@id\":\"https:\\\/\\\/domaine-du-margalleau.fr\\\/en\\\/produit\\\/cuvee-genesisdemi-sec-2019-copie\\\/#primaryimage\",\"url\":\"https:\\\/\\\/domaine-du-margalleau.fr\\\/wp-content\\\/uploads\\\/2022\\\/02\\\/Bouteille-genesis.png\",\"contentUrl\":\"https:\\\/\\\/domaine-du-margalleau.fr\\\/wp-content\\\/uploads\\\/2022\\\/02\\\/Bouteille-genesis.png\",\"width\":876,\"height\":1788},{\"@type\":\"BreadcrumbList\",\"@id\":\"https:\\\/\\\/domaine-du-margalleau.fr\\\/en\\\/produit\\\/cuvee-genesisdemi-sec-2019-copie\\\/#breadcrumb\",\"itemListElement\":[{\"@type\":\"ListItem\",\"position\":1,\"name\":\"Accueil\",\"item\":\"https:\\\/\\\/domaine-du-margalleau.fr\\\/en\\\/\"},{\"@type\":\"ListItem\",\"position\":2,\"name\":\"Shop\",\"item\":\"https:\\\/\\\/domaine-du-margalleau.fr\\\/en\\\/shop\\\/\"},{\"@type\":\"ListItem\",\"position\":3,\"name\":\"Cuv\u00e9e G\u00e9n\u00e9sisSweet 2018\"}]},{\"@type\":\"WebSite\",\"@id\":\"https:\\\/\\\/domaine-du-margalleau.fr\\\/en\\\/#website\",\"url\":\"https:\\\/\\\/domaine-du-margalleau.fr\\\/en\\\/\",\"name\":\"Domaine du Margalleau\",\"description\":\"B &amp; J.M Pieaux Viticulteurs\",\"publisher\":{\"@id\":\"https:\\\/\\\/domaine-du-margalleau.fr\\\/en\\\/#organization\"},\"potentialAction\":[{\"@type\":\"SearchAction\",\"target\":{\"@type\":\"EntryPoint\",\"urlTemplate\":\"https:\\\/\\\/domaine-du-margalleau.fr\\\/en\\\/?s={search_term_string}\"},\"query-input\":{\"@type\":\"PropertyValueSpecification\",\"valueRequired\":true,\"valueName\":\"search_term_string\"}}],\"inLanguage\":\"en-US\"},{\"@type\":\"Organization\",\"@id\":\"https:\\\/\\\/domaine-du-margalleau.fr\\\/en\\\/#organization\",\"name\":\"Domaine du Margalleau\",\"url\":\"https:\\\/\\\/domaine-du-margalleau.fr\\\/en\\\/\",\"logo\":{\"@type\":\"ImageObject\",\"inLanguage\":\"en-US\",\"@id\":\"https:\\\/\\\/domaine-du-margalleau.fr\\\/en\\\/#\\\/schema\\\/logo\\\/image\\\/\",\"url\":\"https:\\\/\\\/domaine-du-margalleau.fr\\\/wp-content\\\/uploads\\\/2021\\\/07\\\/pieauxlogo_noir.png\",\"contentUrl\":\"https:\\\/\\\/domaine-du-margalleau.fr\\\/wp-content\\\/uploads\\\/2021\\\/07\\\/pieauxlogo_noir.png\",\"width\":805,\"height\":423,\"caption\":\"Domaine du Margalleau\"},\"image\":{\"@id\":\"https:\\\/\\\/domaine-du-margalleau.fr\\\/en\\\/#\\\/schema\\\/logo\\\/image\\\/\"},\"sameAs\":[\"https:\\\/\\\/www.facebook.com\\\/Domaine.du.Margalleau.Pieaux.viticulteurs\"]}]}<\/script>\n<!-- \/ Yoast SEO plugin. -->","yoast_head_json":{"title":"Cuv\u00e9e G\u00e9n\u00e9sisSweet 2018 - Domaine du Margalleau","description":"This G\u00e9n\u00e9sis cuv\u00e9e is the essence of our winegrowing profession. Fermentation takes place exclusively in stoneware jars and oak barrels.","robots":{"index":"index","follow":"follow","max-snippet":"max-snippet:-1","max-image-preview":"max-image-preview:large","max-video-preview":"max-video-preview:-1"},"canonical":"https:\/\/domaine-du-margalleau.fr\/en\/produit\/cuvee-genesisdemi-sec-2019-copie\/","og_locale":"en_US","og_type":"article","og_title":"Cuv\u00e9e G\u00e9n\u00e9sisSweet 2018 - Domaine du Margalleau","og_description":"This G\u00e9n\u00e9sis cuv\u00e9e is the essence of our winegrowing profession. Fermentation takes place exclusively in stoneware jars and oak barrels.","og_url":"https:\/\/domaine-du-margalleau.fr\/en\/produit\/cuvee-genesisdemi-sec-2019-copie\/","og_site_name":"Domaine du Margalleau","article_publisher":"https:\/\/www.facebook.com\/Domaine.du.Margalleau.Pieaux.viticulteurs","article_modified_time":"2025-03-26T15:56:14+00:00","og_image":[{"width":876,"height":1788,"url":"https:\/\/domaine-du-margalleau.fr\/wp-content\/uploads\/2022\/02\/Bouteille-genesis.png","type":"image\/png"}],"twitter_card":"summary_large_image","schema":{"@context":"https:\/\/schema.org","@graph":[{"@type":"WebPage","@id":"https:\/\/domaine-du-margalleau.fr\/en\/produit\/cuvee-genesisdemi-sec-2019-copie\/","url":"https:\/\/domaine-du-margalleau.fr\/en\/produit\/cuvee-genesisdemi-sec-2019-copie\/","name":"Cuv\u00e9e G\u00e9n\u00e9sis Sweet 2018 - Domaine du Margalleau","isPartOf":{"@id":"https:\/\/domaine-du-margalleau.fr\/en\/#website"},"primaryImageOfPage":{"@id":"https:\/\/domaine-du-margalleau.fr\/en\/produit\/cuvee-genesisdemi-sec-2019-copie\/#primaryimage"},"image":{"@id":"https:\/\/domaine-du-margalleau.fr\/en\/produit\/cuvee-genesisdemi-sec-2019-copie\/#primaryimage"},"thumbnailUrl":"https:\/\/domaine-du-margalleau.fr\/wp-content\/uploads\/2022\/02\/Bouteille-genesis.png","datePublished":"2025-03-26T15:55:03+00:00","dateModified":"2025-03-26T15:56:14+00:00","description":"This G\u00e9n\u00e9sis cuv\u00e9e is the essence of our winegrowing profession. Fermentation takes place exclusively in stoneware jars and oak barrels.","breadcrumb":{"@id":"https:\/\/domaine-du-margalleau.fr\/en\/produit\/cuvee-genesisdemi-sec-2019-copie\/#breadcrumb"},"inLanguage":"en-US","potentialAction":[{"@type":"ReadAction","target":["https:\/\/domaine-du-margalleau.fr\/en\/produit\/cuvee-genesisdemi-sec-2019-copie\/"]}]},{"@type":"ImageObject","inLanguage":"en-US","@id":"https:\/\/domaine-du-margalleau.fr\/en\/produit\/cuvee-genesisdemi-sec-2019-copie\/#primaryimage","url":"https:\/\/domaine-du-margalleau.fr\/wp-content\/uploads\/2022\/02\/Bouteille-genesis.png","contentUrl":"https:\/\/domaine-du-margalleau.fr\/wp-content\/uploads\/2022\/02\/Bouteille-genesis.png","width":876,"height":1788},{"@type":"BreadcrumbList","@id":"https:\/\/domaine-du-margalleau.fr\/en\/produit\/cuvee-genesisdemi-sec-2019-copie\/#breadcrumb","itemListElement":[{"@type":"ListItem","position":1,"name":"Accueil","item":"https:\/\/domaine-du-margalleau.fr\/en\/"},{"@type":"ListItem","position":2,"name":"Shop","item":"https:\/\/domaine-du-margalleau.fr\/en\/shop\/"},{"@type":"ListItem","position":3,"name":"Cuv\u00e9e G\u00e9n\u00e9sisSweet 2018"}]},{"@type":"WebSite","@id":"https:\/\/domaine-du-margalleau.fr\/en\/#website","url":"https:\/\/domaine-du-margalleau.fr\/en\/","name":"Domaine du Margalleau","description":"B &amp; J.M Pieaux Viticulteurs","publisher":{"@id":"https:\/\/domaine-du-margalleau.fr\/en\/#organization"},"potentialAction":[{"@type":"SearchAction","target":{"@type":"EntryPoint","urlTemplate":"https:\/\/domaine-du-margalleau.fr\/en\/?s={search_term_string}"},"query-input":{"@type":"PropertyValueSpecification","valueRequired":true,"valueName":"search_term_string"}}],"inLanguage":"en-US"},{"@type":"Organization","@id":"https:\/\/domaine-du-margalleau.fr\/en\/#organization","name":"Domaine du Margalleau","url":"https:\/\/domaine-du-margalleau.fr\/en\/","logo":{"@type":"ImageObject","inLanguage":"en-US","@id":"https:\/\/domaine-du-margalleau.fr\/en\/#\/schema\/logo\/image\/","url":"https:\/\/domaine-du-margalleau.fr\/wp-content\/uploads\/2021\/07\/pieauxlogo_noir.png","contentUrl":"https:\/\/domaine-du-margalleau.fr\/wp-content\/uploads\/2021\/07\/pieauxlogo_noir.png","width":805,"height":423,"caption":"Domaine du Margalleau"},"image":{"@id":"https:\/\/domaine-du-margalleau.fr\/en\/#\/schema\/logo\/image\/"},"sameAs":["https:\/\/www.facebook.com\/Domaine.du.Margalleau.Pieaux.viticulteurs"]}]}},"_links":{"self":[{"href":"https:\/\/domaine-du-margalleau.fr\/en\/wp-json\/wp\/v2\/product\/3253","targetHints":{"allow":["GET"]}}],"collection":[{"href":"https:\/\/domaine-du-margalleau.fr\/en\/wp-json\/wp\/v2\/product"}],"about":[{"href":"https:\/\/domaine-du-margalleau.fr\/en\/wp-json\/wp\/v2\/types\/product"}],"replies":[{"embeddable":true,"href":"https:\/\/domaine-du-margalleau.fr\/en\/wp-json\/wp\/v2\/comments?post=3253"}],"version-history":[{"count":2,"href":"https:\/\/domaine-du-margalleau.fr\/en\/wp-json\/wp\/v2\/product\/3253\/revisions"}],"predecessor-version":[{"id":3256,"href":"https:\/\/domaine-du-margalleau.fr\/en\/wp-json\/wp\/v2\/product\/3253\/revisions\/3256"}],"wp:featuredmedia":[{"embeddable":true,"href":"https:\/\/domaine-du-margalleau.fr\/en\/wp-json\/wp\/v2\/media\/2950"}],"wp:attachment":[{"href":"https:\/\/domaine-du-margalleau.fr\/en\/wp-json\/wp\/v2\/media?parent=3253"}],"wp:term":[{"taxonomy":"product_brand","embeddable":true,"href":"https:\/\/domaine-du-margalleau.fr\/en\/wp-json\/wp\/v2\/product_brand?post=3253"},{"taxonomy":"product_cat","embeddable":true,"href":"https:\/\/domaine-du-margalleau.fr\/en\/wp-json\/wp\/v2\/product_cat?post=3253"},{"taxonomy":"product_tag","embeddable":true,"href":"https:\/\/domaine-du-margalleau.fr\/en\/wp-json\/wp\/v2\/product_tag?post=3253"}],"curies":[{"name":"wp","href":"https:\/\/api.w.org\/{rel}","templated":true}]}}